{"id":7,"date":"2015-02-12T16:29:14","date_gmt":"2015-02-12T16:29:14","guid":{"rendered":"http:\/\/picot-irenee-potier-ceramiste.fr\/?page_id=7"},"modified":"2020-04-25T09:27:43","modified_gmt":"2020-04-25T09:27:43","slug":"mon-atelier","status":"publish","type":"page","link":"https:\/\/picot-irenee-potier-ceramiste.fr\/?page_id=7","title":{"rendered":"Atelier et Technique"},"content":{"rendered":"<p><a href=\"http:\/\/picot-irenee-potier-ceramiste.fr\/?attachment_id=308\"><img loading=\"lazy\" decoding=\"async\" data-attachment-id=\"308\" data-permalink=\"https:\/\/picot-irenee-potier-ceramiste.fr\/?attachment_id=308\" data-orig-file=\"https:\/\/picot-irenee-potier-ceramiste.fr\/wp-content\/uploads\/2015\/02\/IMG_20150105_0021.jpg\" data-orig-size=\"1180,1740\" data-comments-opened=\"1\" data-image-meta=\"{&quot;aperture&quot;:&quot;0&quot;,&quot;credit&quot;:&quot;&quot;,&quot;camera&quot;:&quot;Canon MX450 series&quot;,&quot;caption&quot;:&quot;&quot;,&quot;created_timestamp&quot;:&quot;&quot;,&quot;copyright&quot;:&quot;&quot;,&quot;focal_length&quot;:&quot;0&quot;,&quot;iso&quot;:&quot;0&quot;,&quot;shutter_speed&quot;:&quot;0&quot;,&quot;title&quot;:&quot;&quot;,&quot;orientation&quot;:&quot;1&quot;}\" data-image-title=\"IMG_20150105_0021\" data-image-description=\"\" data-image-caption=\"\" data-large-file=\"https:\/\/picot-irenee-potier-ceramiste.fr\/wp-content\/uploads\/2015\/02\/IMG_20150105_0021-694x1024.jpg\" class=\"alignnone wp-image-308 size-medium\" src=\"http:\/\/picot-irenee-potier-ceramiste.fr\/wp-content\/uploads\/2015\/02\/IMG_20150105_0021-203x300.jpg\" alt=\"IMG_20150105_0021\" width=\"203\" height=\"300\" srcset=\"https:\/\/picot-irenee-potier-ceramiste.fr\/wp-content\/uploads\/2015\/02\/IMG_20150105_0021-203x300.jpg 203w, https:\/\/picot-irenee-potier-ceramiste.fr\/wp-content\/uploads\/2015\/02\/IMG_20150105_0021-694x1024.jpg 694w, https:\/\/picot-irenee-potier-ceramiste.fr\/wp-content\/uploads\/2015\/02\/IMG_20150105_0021.jpg 1180w\" sizes=\"auto, (max-width: 203px) 100vw, 203px\" \/><\/a> \u00a0 \u00a0 \u00a0 \u00a0 \u00a0<a href=\"http:\/\/picot-irenee-potier-ceramiste.fr\/?attachment_id=303\"><img loading=\"lazy\" decoding=\"async\" data-attachment-id=\"303\" data-permalink=\"https:\/\/picot-irenee-potier-ceramiste.fr\/?attachment_id=303\" data-orig-file=\"https:\/\/picot-irenee-potier-ceramiste.fr\/wp-content\/uploads\/2015\/02\/DSCN00jj.jpg\" data-orig-size=\"1536,2048\" data-comments-opened=\"1\" data-image-meta=\"{&quot;aperture&quot;:&quot;2.8&quot;,&quot;credit&quot;:&quot;&quot;,&quot;camera&quot;:&quot;E3200&quot;,&quot;caption&quot;:&quot;&quot;,&quot;created_timestamp&quot;:&quot;1097338233&quot;,&quot;copyright&quot;:&quot;&quot;,&quot;focal_length&quot;:&quot;5.8&quot;,&quot;iso&quot;:&quot;50&quot;,&quot;shutter_speed&quot;:&quot;0.13698630136986&quot;,&quot;title&quot;:&quot;&quot;,&quot;orientation&quot;:&quot;1&quot;}\" data-image-title=\"DSCN00jj\" data-image-description=\"\" data-image-caption=\"\" data-large-file=\"https:\/\/picot-irenee-potier-ceramiste.fr\/wp-content\/uploads\/2015\/02\/DSCN00jj-768x1024.jpg\" class=\"alignnone wp-image-303 size-medium\" src=\"http:\/\/picot-irenee-potier-ceramiste.fr\/wp-content\/uploads\/2015\/02\/DSCN00jj-225x300.jpg\" alt=\"DSCN00jj\" width=\"225\" height=\"300\" srcset=\"https:\/\/picot-irenee-potier-ceramiste.fr\/wp-content\/uploads\/2015\/02\/DSCN00jj-225x300.jpg 225w, https:\/\/picot-irenee-potier-ceramiste.fr\/wp-content\/uploads\/2015\/02\/DSCN00jj-768x1024.jpg 768w, https:\/\/picot-irenee-potier-ceramiste.fr\/wp-content\/uploads\/2015\/02\/DSCN00jj.jpg 1536w\" sizes=\"auto, (max-width: 225px) 100vw, 225px\" \/><\/a><\/p>\n<p><a href=\"http:\/\/picot-irenee-potier-ceramiste.fr\/?attachment_id=285\"><img loading=\"lazy\" decoding=\"async\" data-attachment-id=\"285\" data-permalink=\"https:\/\/picot-irenee-potier-ceramiste.fr\/?attachment_id=285\" data-orig-file=\"https:\/\/picot-irenee-potier-ceramiste.fr\/wp-content\/uploads\/2015\/05\/IGP6690.jpg\" data-orig-size=\"3264,4928\" data-comments-opened=\"1\" data-image-meta=\"{&quot;aperture&quot;:&quot;22&quot;,&quot;credit&quot;:&quot;&quot;,&quot;camera&quot;:&quot;PENTAX K-30&quot;,&quot;caption&quot;:&quot;&quot;,&quot;created_timestamp&quot;:&quot;1431440404&quot;,&quot;copyright&quot;:&quot;&quot;,&quot;focal_length&quot;:&quot;28.13&quot;,&quot;iso&quot;:&quot;12800&quot;,&quot;shutter_speed&quot;:&quot;0.0055555555555556&quot;,&quot;title&quot;:&quot;&quot;,&quot;orientation&quot;:&quot;1&quot;}\" data-image-title=\"_IGP6690\" data-image-description=\"\" data-image-caption=\"\" data-large-file=\"https:\/\/picot-irenee-potier-ceramiste.fr\/wp-content\/uploads\/2015\/05\/IGP6690-678x1024.jpg\" class=\"alignnone wp-image-285 size-medium\" src=\"http:\/\/picot-irenee-potier-ceramiste.fr\/wp-content\/uploads\/2015\/05\/IGP6690-199x300.jpg\" alt=\"_IGP6690\" width=\"199\" height=\"300\" srcset=\"https:\/\/picot-irenee-potier-ceramiste.fr\/wp-content\/uploads\/2015\/05\/IGP6690-199x300.jpg 199w, https:\/\/picot-irenee-potier-ceramiste.fr\/wp-content\/uploads\/2015\/05\/IGP6690-678x1024.jpg 678w\" sizes=\"auto, (max-width: 199px) 100vw, 199px\" \/><\/a> \u00a0\u00a0 \u00a0\u00a0 \u00a0\u00a0 \u00a0<a href=\"http:\/\/picot-irenee-potier-ceramiste.fr\/?attachment_id=284\"><img loading=\"lazy\" decoding=\"async\" data-attachment-id=\"284\" data-permalink=\"https:\/\/picot-irenee-potier-ceramiste.fr\/?attachment_id=284\" data-orig-file=\"https:\/\/picot-irenee-potier-ceramiste.fr\/wp-content\/uploads\/2015\/05\/IGP6687.jpg\" data-orig-size=\"3264,4928\" data-comments-opened=\"1\" data-image-meta=\"{&quot;aperture&quot;:&quot;22&quot;,&quot;credit&quot;:&quot;&quot;,&quot;camera&quot;:&quot;PENTAX K-30&quot;,&quot;caption&quot;:&quot;&quot;,&quot;created_timestamp&quot;:&quot;1431440295&quot;,&quot;copyright&quot;:&quot;&quot;,&quot;focal_length&quot;:&quot;18&quot;,&quot;iso&quot;:&quot;12800&quot;,&quot;shutter_speed&quot;:&quot;0.0055555555555556&quot;,&quot;title&quot;:&quot;&quot;,&quot;orientation&quot;:&quot;1&quot;}\" data-image-title=\"_IGP6687\" data-image-description=\"\" data-image-caption=\"\" data-large-file=\"https:\/\/picot-irenee-potier-ceramiste.fr\/wp-content\/uploads\/2015\/05\/IGP6687-678x1024.jpg\" class=\"alignnone wp-image-284 size-medium\" src=\"http:\/\/picot-irenee-potier-ceramiste.fr\/wp-content\/uploads\/2015\/05\/IGP6687-199x300.jpg\" alt=\"_IGP6687\" width=\"199\" height=\"300\" srcset=\"https:\/\/picot-irenee-potier-ceramiste.fr\/wp-content\/uploads\/2015\/05\/IGP6687-199x300.jpg 199w, https:\/\/picot-irenee-potier-ceramiste.fr\/wp-content\/uploads\/2015\/05\/IGP6687-678x1024.jpg 678w\" sizes=\"auto, (max-width: 199px) 100vw, 199px\" \/><\/a><\/p>\n<p>J&rsquo;utilise une terre de gr\u00e8s se fermant \u00e0 1180\u00b0. A cette temp\u00e9rature, la terre devient r\u00e9sistante et imperm\u00e9able.<br \/>\nJe pr\u00e9pare et p\u00e8se ma terre en fonction des pi\u00e8ces que je souhaite r\u00e9aliser. Apr\u00e8s le tournage, j&rsquo;engobe les pi\u00e8ces par couches successives. Les diff\u00e9rentes \u00e9paisseurs que j&rsquo;applique demandent une pr\u00e9cision et une attention tr\u00e8s particuli\u00e8re et se font par \u00e9tape sur plusieurs jours.<br \/>\nJ&rsquo;ai mis au point une technique que j&rsquo;utilise pour donner des reliefs diff\u00e9rents.<br \/>\nUn pon\u00e7age de finition est n\u00e9cessaire pour rendre un aspect visuel agr\u00e9able et un toucher doux.<br \/>\nChaque pi\u00e8ce passera par 2 cuissons. La premi\u00e8re cuisson \u00e0 1000\u00b0, \u00e0 la suite de l&rsquo;engobage, au creux de chaque relief puis la seconde cuisson \u00e0 1180\u00b0 qui donnera la r\u00e9sistance, l&rsquo;imperm\u00e9abilit\u00e9 \u00e0 la pi\u00e8ce. L&rsquo;ouverture du four est toujours un moment assez palpitant, toute la splendeur de l&rsquo;\u00e9mail se r\u00e9v\u00e8le brut ou satin\u00e9 donnant une inspiration d&rsquo;art abstrait.<br \/>\nToutes mes pi\u00e8ces peuvent passer\u00a0 au micro-onde, au four, et \u00eatre lav\u00e9es au lave vaisselle.<\/p>\n","protected":false},"excerpt":{"rendered":"<p class=\"excerpt\">\u00a0 \u00a0 \u00a0 \u00a0 \u00a0 \u00a0\u00a0 \u00a0\u00a0 \u00a0\u00a0 \u00a0 J&rsquo;utilise une terre de gr\u00e8s se fermant \u00e0 1180\u00b0. A cette temp\u00e9rature, la terre devient r\u00e9sistante et imperm\u00e9able. Je pr\u00e9pare et p\u00e8se ma terre en fonction des pi\u00e8ces que je souhaite r\u00e9aliser. Apr\u00e8s le tournage, j&rsquo;engobe les pi\u00e8ces par couches successives. Les diff\u00e9rentes \u00e9paisseurs que j&rsquo;applique demandent une pr\u00e9cision et une&hellip; <a href=\"https:\/\/picot-irenee-potier-ceramiste.fr\/?page_id=7\">Read more &rarr;<\/a><\/p>\n","protected":false},"author":1,"featured_media":0,"parent":0,"menu_order":0,"comment_status":"closed","ping_status":"open","template":"","meta":{"footnotes":""},"class_list":["post-7","page","type-page","status-publish","hentry","xfolkentry"],"jetpack_sharing_enabled":true,"jetpack_shortlink":"https:\/\/wp.me\/P5KhQQ-7","_links":{"self":[{"href":"https:\/\/picot-irenee-potier-ceramiste.fr\/index.php?rest_route=\/wp\/v2\/pages\/7","targetHints":{"allow":["GET"]}}],"collection":[{"href":"https:\/\/picot-irenee-potier-ceramiste.fr\/index.php?rest_route=\/wp\/v2\/pages"}],"about":[{"href":"https:\/\/picot-irenee-potier-ceramiste.fr\/index.php?rest_route=\/wp\/v2\/types\/page"}],"author":[{"embeddable":true,"href":"https:\/\/picot-irenee-potier-ceramiste.fr\/index.php?rest_route=\/wp\/v2\/users\/1"}],"replies":[{"embeddable":true,"href":"https:\/\/picot-irenee-potier-ceramiste.fr\/index.php?rest_route=%2Fwp%2Fv2%2Fcomments&post=7"}],"version-history":[{"count":8,"href":"https:\/\/picot-irenee-potier-ceramiste.fr\/index.php?rest_route=\/wp\/v2\/pages\/7\/revisions"}],"predecessor-version":[{"id":1113,"href":"https:\/\/picot-irenee-potier-ceramiste.fr\/index.php?rest_route=\/wp\/v2\/pages\/7\/revisions\/1113"}],"wp:attachment":[{"href":"https:\/\/picot-irenee-potier-ceramiste.fr\/index.php?rest_route=%2Fwp%2Fv2%2Fmedia&parent=7"}],"curies":[{"name":"wp","href":"https:\/\/api.w.org\/{rel}","templated":true}]}}