{"id":2,"date":"2015-02-12T16:19:43","date_gmt":"2015-02-12T16:19:43","guid":{"rendered":"http:\/\/picot-irenee-potier-ceramiste.fr\/?page_id=2"},"modified":"2020-12-28T13:06:12","modified_gmt":"2020-12-28T13:06:12","slug":"page-d-exemple","status":"publish","type":"page","link":"https:\/\/picot-irenee-potier-ceramiste.fr\/","title":{"rendered":"Accueil"},"content":{"rendered":"<p class=\"p1\"><span class=\"s1\">Bonjour,<\/span><\/p>\n<p class=\"p1\"><span class=\"s1\">\u00a0Je suis install\u00e9 en tant que potier c\u00e9ramiste depuis 1989.<\/span><\/p>\n<p class=\"p1\"><span class=\"s1\">\u00a0J&rsquo;ouvre mon site pour afin de me\u00a0pr\u00e9senter ainsi que mon travail.<\/span><\/p>\n<hr \/>\n<p class=\"p1\"><a href=\"http:\/\/picot-irenee-potier-ceramiste.fr\/wp-content\/uploads\/2015\/02\/IGP6694.jpg\"><img loading=\"lazy\" decoding=\"async\" data-attachment-id=\"263\" data-permalink=\"https:\/\/picot-irenee-potier-ceramiste.fr\/?attachment_id=263\" data-orig-file=\"https:\/\/picot-irenee-potier-ceramiste.fr\/wp-content\/uploads\/2015\/02\/IGP6694.jpg\" data-orig-size=\"4928,3264\" data-comments-opened=\"1\" data-image-meta=\"{&quot;aperture&quot;:&quot;22&quot;,&quot;credit&quot;:&quot;&quot;,&quot;camera&quot;:&quot;PENTAX K-30&quot;,&quot;caption&quot;:&quot;&quot;,&quot;created_timestamp&quot;:&quot;1431440500&quot;,&quot;copyright&quot;:&quot;&quot;,&quot;focal_length&quot;:&quot;18&quot;,&quot;iso&quot;:&quot;640&quot;,&quot;shutter_speed&quot;:&quot;0.005&quot;,&quot;title&quot;:&quot;&quot;,&quot;orientation&quot;:&quot;1&quot;}\" data-image-title=\"_IGP6694\" data-image-description=\"\" data-image-caption=\"\" data-large-file=\"https:\/\/picot-irenee-potier-ceramiste.fr\/wp-content\/uploads\/2015\/02\/IGP6694-1024x678.jpg\" class=\" size-medium wp-image-263 alignleft\" src=\"http:\/\/picot-irenee-potier-ceramiste.fr\/wp-content\/uploads\/2015\/02\/IGP6694-300x199.jpg\" alt=\"_IGP6694\" width=\"300\" height=\"199\" srcset=\"https:\/\/picot-irenee-potier-ceramiste.fr\/wp-content\/uploads\/2015\/02\/IGP6694-300x199.jpg 300w, https:\/\/picot-irenee-potier-ceramiste.fr\/wp-content\/uploads\/2015\/02\/IGP6694-1024x678.jpg 1024w\" sizes=\"auto, (max-width: 300px) 100vw, 300px\" \/><\/a><a href=\"http:\/\/picot-irenee-potier-ceramiste.fr\/wp-content\/uploads\/2015\/02\/IGP66991.jpg\"><img loading=\"lazy\" decoding=\"async\" data-attachment-id=\"389\" data-permalink=\"https:\/\/picot-irenee-potier-ceramiste.fr\/?attachment_id=389\" data-orig-file=\"https:\/\/picot-irenee-potier-ceramiste.fr\/wp-content\/uploads\/2015\/02\/IGP66991.jpg\" data-orig-size=\"4928,3264\" data-comments-opened=\"1\" data-image-meta=\"{&quot;aperture&quot;:&quot;22&quot;,&quot;credit&quot;:&quot;&quot;,&quot;camera&quot;:&quot;PENTAX K-30&quot;,&quot;caption&quot;:&quot;&quot;,&quot;created_timestamp&quot;:&quot;1431440778&quot;,&quot;copyright&quot;:&quot;&quot;,&quot;focal_length&quot;:&quot;18&quot;,&quot;iso&quot;:&quot;400&quot;,&quot;shutter_speed&quot;:&quot;0.01&quot;,&quot;title&quot;:&quot;&quot;,&quot;orientation&quot;:&quot;1&quot;}\" data-image-title=\"_IGP6699\" data-image-description=\"\" data-image-caption=\"\" data-large-file=\"https:\/\/picot-irenee-potier-ceramiste.fr\/wp-content\/uploads\/2015\/02\/IGP66991-1024x678.jpg\" class=\" size-medium wp-image-389 alignright\" src=\"http:\/\/picot-irenee-potier-ceramiste.fr\/wp-content\/uploads\/2015\/02\/IGP66991-300x199.jpg\" alt=\"_IGP6699\" width=\"300\" height=\"199\" srcset=\"https:\/\/picot-irenee-potier-ceramiste.fr\/wp-content\/uploads\/2015\/02\/IGP66991-300x199.jpg 300w, https:\/\/picot-irenee-potier-ceramiste.fr\/wp-content\/uploads\/2015\/02\/IGP66991-1024x678.jpg 1024w\" sizes=\"auto, (max-width: 300px) 100vw, 300px\" \/><\/a><\/p>\n<p style=\"text-align: left;\">PICOT Ir\u00e9n\u00e9e<\/p>\n<p style=\"text-align: left;\">\u00ab\u00a0Le moulin \u00ab\u00a0<\/p>\n<p style=\"text-align: left;\">Labastide Couloumat<\/p>\n<p style=\"text-align: left;\">11420 Belpech<\/p>\n<p style=\"text-align: left;\">Tel : 04.68.60.65.22<\/p>\n<p style=\"text-align: left;\">Port : 07.82.87.20.65<\/p>\n<p>Mail : picot.ceramiste@gmail.com<\/p>\n<hr \/>\n<p class=\"p1\" style=\"text-align: left;\"><span class=\"s1\">Je<\/span> <span class=\"s1\">r\u00e9side dans l\u2019Aude, sur les coteaux du villa<\/span><span class=\"s1\">ge de B<\/span><span class=\"s1\">elpech, avec une vue imprenabl<\/span><span class=\"s1\">e sur les Pyr\u00e9n\u00e9es. C&rsquo;est l\u00e0 que je vis et travaille. Mon atelier est ouvert sur rendez-vous, il vous suffit de me t\u00e9l\u00e9phoner.<\/span><\/p>\n<hr \/>\n<p class=\"p1\"><span class=\"s1\"><img loading=\"lazy\" decoding=\"async\" data-attachment-id=\"264\" data-permalink=\"https:\/\/picot-irenee-potier-ceramiste.fr\/?attachment_id=264\" data-orig-file=\"https:\/\/picot-irenee-potier-ceramiste.fr\/wp-content\/uploads\/2015\/02\/IGP6683.jpg\" data-orig-size=\"4928,3264\" data-comments-opened=\"1\" data-image-meta=\"{&quot;aperture&quot;:&quot;22&quot;,&quot;credit&quot;:&quot;&quot;,&quot;camera&quot;:&quot;PENTAX K-30&quot;,&quot;caption&quot;:&quot;&quot;,&quot;created_timestamp&quot;:&quot;1431440265&quot;,&quot;copyright&quot;:&quot;&quot;,&quot;focal_length&quot;:&quot;18&quot;,&quot;iso&quot;:&quot;12800&quot;,&quot;shutter_speed&quot;:&quot;0.0055555555555556&quot;,&quot;title&quot;:&quot;&quot;,&quot;orientation&quot;:&quot;1&quot;}\" data-image-title=\"_IGP6683\" data-image-description=\"\" data-image-caption=\"\" data-large-file=\"https:\/\/picot-irenee-potier-ceramiste.fr\/wp-content\/uploads\/2015\/02\/IGP6683-1024x678.jpg\" class=\" size-medium wp-image-264 alignright\" src=\"http:\/\/picot-irenee-potier-ceramiste.fr\/wp-content\/uploads\/2015\/02\/IGP6683-300x199.jpg\" alt=\"_IGP6683\" width=\"300\" height=\"199\" srcset=\"https:\/\/picot-irenee-potier-ceramiste.fr\/wp-content\/uploads\/2015\/02\/IGP6683-300x199.jpg 300w, https:\/\/picot-irenee-potier-ceramiste.fr\/wp-content\/uploads\/2015\/02\/IGP6683-1024x678.jpg 1024w\" sizes=\"auto, (max-width: 300px) 100vw, 300px\" \/><\/span><\/p>\n<p class=\"p1\">.<\/p>\n<p class=\"p1\"><span class=\"s1\">Pour r\u00e9aliser mes pi\u00e8ces, j&rsquo;utilise une terre de gr\u00e8s se fermant a 1180\u00b0. \u00a0Cette haute temp\u00e9rature garantit la solidit\u00e9 et la r\u00e9sistance de ma poterie. \u00a0J&rsquo;ai mis au point mes propres techniques de fabrication, ce travail permet de donner des reliefs diff\u00e9rents.<\/span><\/p>\n<p class=\"p1\"><span class=\"s1\">Toutes mes pi\u00e8ces peuvent passer au micro-ondes , au four, et \u00eatre lav\u00e9es au lave-vaisselle.<\/span><\/p>\n<p class=\"p1\">.<\/p>\n<hr \/>\n<p class=\"p1\" style=\"text-align: center;\"><span class=\"s1\">Pour continuer, je vous invite \u00e0 parcourir mon site pour en savoir plus !<\/span><\/p>\n","protected":false},"excerpt":{"rendered":"<p class=\"excerpt\">Bonjour, \u00a0Je suis install\u00e9 en tant que potier c\u00e9ramiste depuis 1989. \u00a0J&rsquo;ouvre mon site pour afin de me\u00a0pr\u00e9senter ainsi que mon travail. PICOT Ir\u00e9n\u00e9e \u00ab\u00a0Le moulin \u00ab\u00a0 Labastide Couloumat 11420 Belpech Tel : 04.68.60.65.22 Port : 07.82.87.20.65 Mail : picot.ceramiste@gmail.com Je r\u00e9side dans l\u2019Aude, sur les coteaux du village de Belpech, avec une vue imprenable sur les Pyr\u00e9n\u00e9es. C&rsquo;est l\u00e0&hellip; <a href=\"https:\/\/picot-irenee-potier-ceramiste.fr\/\">Read more &rarr;<\/a><\/p>\n","protected":false},"author":1,"featured_media":0,"parent":0,"menu_order":0,"comment_status":"closed","ping_status":"open","template":"","meta":{"jetpack_post_was_ever_published":false,"footnotes":""},"class_list":["post-2","page","type-page","status-publish","hentry","xfolkentry"],"jetpack_sharing_enabled":true,"jetpack_shortlink":"https:\/\/wp.me\/P5KhQQ-2","_links":{"self":[{"href":"https:\/\/picot-irenee-potier-ceramiste.fr\/index.php?rest_route=\/wp\/v2\/pages\/2","targetHints":{"allow":["GET"]}}],"collection":[{"href":"https:\/\/picot-irenee-potier-ceramiste.fr\/index.php?rest_route=\/wp\/v2\/pages"}],"about":[{"href":"https:\/\/picot-irenee-potier-ceramiste.fr\/index.php?rest_route=\/wp\/v2\/types\/page"}],"author":[{"embeddable":true,"href":"https:\/\/picot-irenee-potier-ceramiste.fr\/index.php?rest_route=\/wp\/v2\/users\/1"}],"replies":[{"embeddable":true,"href":"https:\/\/picot-irenee-potier-ceramiste.fr\/index.php?rest_route=%2Fwp%2Fv2%2Fcomments&post=2"}],"version-history":[{"count":41,"href":"https:\/\/picot-irenee-potier-ceramiste.fr\/index.php?rest_route=\/wp\/v2\/pages\/2\/revisions"}],"predecessor-version":[{"id":1196,"href":"https:\/\/picot-irenee-potier-ceramiste.fr\/index.php?rest_route=\/wp\/v2\/pages\/2\/revisions\/1196"}],"wp:attachment":[{"href":"https:\/\/picot-irenee-potier-ceramiste.fr\/index.php?rest_route=%2Fwp%2Fv2%2Fmedia&parent=2"}],"curies":[{"name":"wp","href":"https:\/\/api.w.org\/{rel}","templated":true}]}}